{"id":111,"date":"2021-03-14T09:32:12","date_gmt":"2021-03-14T09:32:12","guid":{"rendered":"https:\/\/foodroots.earth\/?page_id=111"},"modified":"2021-04-23T13:59:55","modified_gmt":"2021-04-23T13:59:55","slug":"about-us","status":"publish","type":"page","link":"https:\/\/foodroots.earth\/en\/about-us","title":{"rendered":"about us"},"content":{"rendered":"<div data-elementor-type=\"wp-page\" data-elementor-id=\"111\" class=\"elementor elementor-111\" data-elementor-post-type=\"page\">\n\t\t\t\t\t\t<section class=\"elementor-section elementor-top-section elementor-element elementor-element-457a56d elementor-section-boxed elementor-section-height-default elementor-section-height-default\" data-id=\"457a56d\" data-element_type=\"section\" data-e-type=\"section\">\n\t\t\t\t\t\t<div class=\"elementor-container elementor-column-gap-default\">\n\t\t\t\t\t<div class=\"elementor-column elementor-col-33 elementor-top-column elementor-element elementor-element-de07a01\" data-id=\"de07a01\" data-element_type=\"column\" data-e-type=\"column\">\n\t\t\t<div class=\"elementor-widget-wrap elementor-element-populated\">\n\t\t\t\t\t\t<div class=\"elementor-element elementor-element-c898f6e elementor-widget elementor-widget-image\" data-id=\"c898f6e\" data-element_type=\"widget\" data-e-type=\"widget\" data-widget_type=\"image.default\">\n\t\t\t\t<div class=\"elementor-widget-container\">\n\t\t\t\t\t\t\t\t\t\t\t\t\t\t\t\t<a href=\"https:\/\/foodroots.earth\/en\/\">\n\t\t\t\t\t\t\t<img fetchpriority=\"high\" decoding=\"async\" width=\"658\" height=\"604\" src=\"https:\/\/foodroots.earth\/wp-content\/uploads\/2021\/03\/LogoTransparent.png\" class=\"attachment-large size-large wp-image-132\" alt=\"\" srcset=\"https:\/\/foodroots.earth\/wp-content\/uploads\/2021\/03\/LogoTransparent.png 658w, https:\/\/foodroots.earth\/wp-content\/uploads\/2021\/03\/LogoTransparent-300x275.png 300w, https:\/\/foodroots.earth\/wp-content\/uploads\/2021\/03\/LogoTransparent-13x12.png 13w\" sizes=\"(max-width: 658px) 100vw, 658px\" \/>\t\t\t\t\t\t\t\t<\/a>\n\t\t\t\t\t\t\t\t\t\t\t\t\t\t\t<\/div>\n\t\t\t\t<\/div>\n\t\t\t\t\t<\/div>\n\t\t<\/div>\n\t\t\t\t<div class=\"elementor-column elementor-col-66 elementor-top-column elementor-element elementor-element-9961706\" data-id=\"9961706\" data-element_type=\"column\" data-e-type=\"column\">\n\t\t\t<div class=\"elementor-widget-wrap elementor-element-populated\">\n\t\t\t\t\t\t<div class=\"elementor-element elementor-element-6494c31 elementor-nav-menu--dropdown-mobile elementor-absolute elementor-nav-menu__text-align-aside elementor-nav-menu--toggle elementor-nav-menu--burger elementor-widget elementor-widget-nav-menu\" data-id=\"6494c31\" data-element_type=\"widget\" data-e-type=\"widget\" data-settings=\"{&quot;_position&quot;:&quot;absolute&quot;,&quot;layout&quot;:&quot;horizontal&quot;,&quot;submenu_icon&quot;:{&quot;value&quot;:&quot;&lt;i class=\\&quot;fas fa-caret-down\\&quot;&gt;&lt;\\\/i&gt;&quot;,&quot;library&quot;:&quot;fa-solid&quot;},&quot;toggle&quot;:&quot;burger&quot;}\" data-widget_type=\"nav-menu.default\">\n\t\t\t\t<div class=\"elementor-widget-container\">\n\t\t\t\t\t\t\t\t<nav aria-label=\"Menu\" class=\"elementor-nav-menu--main elementor-nav-menu__container elementor-nav-menu--layout-horizontal e--pointer-underline e--animation-fade\">\n\t\t\t\t<ul id=\"menu-1-6494c31\" class=\"elementor-nav-menu\"><li class=\"menu-item menu-item-type-post_type menu-item-object-page menu-item-105\"><a href=\"https:\/\/foodroots.earth\/en\/blog\" class=\"elementor-item\">blog<\/a><\/li>\n<li class=\"menu-item menu-item-type-post_type menu-item-object-page menu-item-117\"><a href=\"https:\/\/foodroots.earth\/en\/foodroots-app\" class=\"elementor-item\">foodroots app<\/a><\/li>\n<li class=\"menu-item menu-item-type-post_type menu-item-object-page menu-item-115\"><a href=\"https:\/\/foodroots.earth\/en\/for-farmers\" class=\"elementor-item\">for farmers<\/a><\/li>\n<li class=\"menu-item menu-item-type-post_type menu-item-object-page menu-item-1327\"><a href=\"https:\/\/foodroots.earth\/en\/for-companies\" class=\"elementor-item\">for companies<\/a><\/li>\n<li class=\"menu-item menu-item-type-post_type menu-item-object-page menu-item-116\"><a href=\"https:\/\/foodroots.earth\/en\/about-us\" class=\"elementor-item\">about us<\/a><\/li>\n<li class=\"menu-item menu-item-type-post_type menu-item-object-page menu-item-355\"><a href=\"https:\/\/foodroots.earth\/en\/contact-us\" class=\"elementor-item\">contact<\/a><\/li>\n<\/ul>\t\t\t<\/nav>\n\t\t\t\t\t<div class=\"elementor-menu-toggle\" role=\"button\" tabindex=\"0\" aria-label=\"Menu Toggle\" aria-expanded=\"false\">\n\t\t\t<i aria-hidden=\"true\" role=\"presentation\" class=\"elementor-menu-toggle__icon--open eicon-menu-bar\"><\/i><i aria-hidden=\"true\" role=\"presentation\" class=\"elementor-menu-toggle__icon--close eicon-close\"><\/i>\t\t\t<span class=\"elementor-screen-only\">Menu<\/span>\n\t\t<\/div>\n\t\t\t\t\t<nav class=\"elementor-nav-menu--dropdown elementor-nav-menu__container\" aria-hidden=\"true\">\n\t\t\t\t<ul id=\"menu-2-6494c31\" class=\"elementor-nav-menu\"><li class=\"menu-item menu-item-type-post_type menu-item-object-page menu-item-105\"><a href=\"https:\/\/foodroots.earth\/en\/blog\" class=\"elementor-item\" tabindex=\"-1\">blog<\/a><\/li>\n<li class=\"menu-item menu-item-type-post_type menu-item-object-page menu-item-117\"><a href=\"https:\/\/foodroots.earth\/en\/foodroots-app\" class=\"elementor-item\" tabindex=\"-1\">foodroots app<\/a><\/li>\n<li class=\"menu-item menu-item-type-post_type menu-item-object-page menu-item-115\"><a href=\"https:\/\/foodroots.earth\/en\/for-farmers\" class=\"elementor-item\" tabindex=\"-1\">for farmers<\/a><\/li>\n<li class=\"menu-item menu-item-type-post_type menu-item-object-page menu-item-1327\"><a href=\"https:\/\/foodroots.earth\/en\/for-companies\" class=\"elementor-item\" tabindex=\"-1\">for companies<\/a><\/li>\n<li class=\"menu-item menu-item-type-post_type menu-item-object-page menu-item-116\"><a href=\"https:\/\/foodroots.earth\/en\/about-us\" class=\"elementor-item\" tabindex=\"-1\">about us<\/a><\/li>\n<li class=\"menu-item menu-item-type-post_type menu-item-object-page menu-item-355\"><a href=\"https:\/\/foodroots.earth\/en\/contact-us\" class=\"elementor-item\" tabindex=\"-1\">contact<\/a><\/li>\n<\/ul>\t\t\t<\/nav>\n\t\t\t\t\t\t<\/div>\n\t\t\t\t<\/div>\n\t\t\t\t\t<\/div>\n\t\t<\/div>\n\t\t\t\t\t<\/div>\n\t\t<\/section>\n\t\t\t\t<section class=\"elementor-section elementor-top-section elementor-element elementor-element-3c59874 elementor-section-boxed elementor-section-height-default elementor-section-height-default\" data-id=\"3c59874\" data-element_type=\"section\" data-e-type=\"section\">\n\t\t\t\t\t\t<div class=\"elementor-container elementor-column-gap-default\">\n\t\t\t\t\t<div class=\"elementor-column elementor-col-100 elementor-top-column elementor-element elementor-element-02d6dac\" data-id=\"02d6dac\" data-element_type=\"column\" data-e-type=\"column\">\n\t\t\t<div class=\"elementor-widget-wrap elementor-element-populated\">\n\t\t\t\t\t\t<div class=\"elementor-element elementor-element-910aafd elementor-invisible elementor-widget elementor-widget-heading\" data-id=\"910aafd\" data-element_type=\"widget\" data-e-type=\"widget\" data-settings=\"{&quot;_animation&quot;:&quot;fadeIn&quot;}\" data-widget_type=\"heading.default\">\n\t\t\t\t<div class=\"elementor-widget-container\">\n\t\t\t\t\t<h2 class=\"elementor-heading-title elementor-size-default\">Wer sind wir?<\/h2>\t\t\t\t<\/div>\n\t\t\t\t<\/div>\n\t\t\t\t\t<\/div>\n\t\t<\/div>\n\t\t\t\t\t<\/div>\n\t\t<\/section>\n\t\t\t\t<section class=\"elementor-section elementor-top-section elementor-element elementor-element-945e6dc elementor-section-boxed elementor-section-height-default elementor-section-height-default\" data-id=\"945e6dc\" data-element_type=\"section\" data-e-type=\"section\">\n\t\t\t\t\t\t<div class=\"elementor-container elementor-column-gap-default\">\n\t\t\t\t\t<div class=\"elementor-column elementor-col-33 elementor-top-column elementor-element elementor-element-70d9f6e\" data-id=\"70d9f6e\" data-element_type=\"column\" data-e-type=\"column\">\n\t\t\t<div class=\"elementor-widget-wrap elementor-element-populated\">\n\t\t\t\t\t\t<div class=\"elementor-element elementor-element-39d8c4e elementor-widget elementor-widget-text-editor\" data-id=\"39d8c4e\" data-element_type=\"widget\" data-e-type=\"widget\" data-widget_type=\"text-editor.default\">\n\t\t\t\t<div class=\"elementor-widget-container\">\n\t\t\t\t\t\t\t\t\t<p>Wir sind ein Team aus ehrenamtlich t\u00e4tigen Menschen aus allen m\u00f6glichen Bereichen &#8211; von Programmieren \u00fcber Designer bis hin zu Marketing-Expert:innen &#8211; denen unser Planet und sein Schutz am Herzen liegt. Wir glauben daran, dass der \u00dcbergang zur regenerativen Landwirtschaft DER zentrale Schl\u00fcssel ist, um unseren Planeten f\u00fcr Menschen bewohnbar zu erhalten und sie gleichzeitig zu ern\u00e4hren. Wir arbeiten daher in unsere Freizeit daran, regenerativen Landwirten und deren Kunden Tools zur Verf\u00fcgung zu stellen, um schnell, unkompliziert und kostenlos ein Vertriebssystem f\u00fcr regenerative, klima-positive Lebensmittel aufzubauen.<\/p>\t\t\t\t\t\t\t\t<\/div>\n\t\t\t\t<\/div>\n\t\t\t\t\t<\/div>\n\t\t<\/div>\n\t\t\t\t<div class=\"elementor-column elementor-col-66 elementor-top-column elementor-element elementor-element-8e4350d\" data-id=\"8e4350d\" data-element_type=\"column\" data-e-type=\"column\">\n\t\t\t<div class=\"elementor-widget-wrap elementor-element-populated\">\n\t\t\t\t\t\t<div class=\"elementor-element elementor-element-6a84a34 elementor-widget elementor-widget-image\" data-id=\"6a84a34\" data-element_type=\"widget\" data-e-type=\"widget\" data-widget_type=\"image.default\">\n\t\t\t\t<div class=\"elementor-widget-container\">\n\t\t\t\t\t\t\t\t\t\t\t\t\t\t\t<img decoding=\"async\" width=\"800\" height=\"345\" src=\"https:\/\/foodroots.earth\/wp-content\/uploads\/2021\/04\/teamCNF-1024x441.png\" class=\"attachment-large size-large wp-image-1152\" alt=\"\" srcset=\"https:\/\/foodroots.earth\/wp-content\/uploads\/2021\/04\/teamCNF-1024x441.png 1024w, https:\/\/foodroots.earth\/wp-content\/uploads\/2021\/04\/teamCNF-300x129.png 300w, https:\/\/foodroots.earth\/wp-content\/uploads\/2021\/04\/teamCNF-768x331.png 768w, https:\/\/foodroots.earth\/wp-content\/uploads\/2021\/04\/teamCNF-1536x661.png 1536w, https:\/\/foodroots.earth\/wp-content\/uploads\/2021\/04\/teamCNF-2048x882.png 2048w, https:\/\/foodroots.earth\/wp-content\/uploads\/2021\/04\/teamCNF-16x7.png 16w\" sizes=\"(max-width: 800px) 100vw, 800px\" \/>\t\t\t\t\t\t\t\t\t\t\t\t\t\t\t<\/div>\n\t\t\t\t<\/div>\n\t\t\t\t\t<\/div>\n\t\t<\/div>\n\t\t\t\t\t<\/div>\n\t\t<\/section>\n\t\t\t\t<section class=\"elementor-section elementor-top-section elementor-element elementor-element-45c4301 elementor-section-boxed elementor-section-height-default elementor-section-height-default\" data-id=\"45c4301\" data-element_type=\"section\" data-e-type=\"section\" data-settings=\"{&quot;background_background&quot;:&quot;classic&quot;}\">\n\t\t\t\t\t\t<div class=\"elementor-container elementor-column-gap-default\">\n\t\t\t\t\t<div class=\"elementor-column elementor-col-16 elementor-top-column elementor-element elementor-element-db08954\" data-id=\"db08954\" data-element_type=\"column\" data-e-type=\"column\">\n\t\t\t<div class=\"elementor-widget-wrap\">\n\t\t\t\t\t\t\t<\/div>\n\t\t<\/div>\n\t\t\t\t<div class=\"elementor-column elementor-col-66 elementor-top-column elementor-element elementor-element-24daf37\" data-id=\"24daf37\" data-element_type=\"column\" data-e-type=\"column\">\n\t\t\t<div class=\"elementor-widget-wrap elementor-element-populated\">\n\t\t\t\t\t\t<div class=\"elementor-element elementor-element-30db635 elementor-widget elementor-widget-image\" data-id=\"30db635\" data-element_type=\"widget\" data-e-type=\"widget\" data-widget_type=\"image.default\">\n\t\t\t\t<div class=\"elementor-widget-container\">\n\t\t\t\t\t\t\t\t\t\t\t\t\t\t\t<img decoding=\"async\" width=\"800\" height=\"800\" src=\"https:\/\/foodroots.earth\/wp-content\/uploads\/2021\/04\/IMG_0471-1024x1024.jpg\" class=\"attachment-large size-large wp-image-1161\" alt=\"\" srcset=\"https:\/\/foodroots.earth\/wp-content\/uploads\/2021\/04\/IMG_0471-1024x1024.jpg 1024w, https:\/\/foodroots.earth\/wp-content\/uploads\/2021\/04\/IMG_0471-300x300.jpg 300w, https:\/\/foodroots.earth\/wp-content\/uploads\/2021\/04\/IMG_0471-150x150.jpg 150w, https:\/\/foodroots.earth\/wp-content\/uploads\/2021\/04\/IMG_0471-768x768.jpg 768w, https:\/\/foodroots.earth\/wp-content\/uploads\/2021\/04\/IMG_0471-1536x1536.jpg 1536w, https:\/\/foodroots.earth\/wp-content\/uploads\/2021\/04\/IMG_0471-2048x2048.jpg 2048w, https:\/\/foodroots.earth\/wp-content\/uploads\/2021\/04\/IMG_0471-12x12.jpg 12w\" sizes=\"(max-width: 800px) 100vw, 800px\" \/>\t\t\t\t\t\t\t\t\t\t\t\t\t\t\t<\/div>\n\t\t\t\t<\/div>\n\t\t\t\t\t<\/div>\n\t\t<\/div>\n\t\t\t\t<div class=\"elementor-column elementor-col-16 elementor-top-column elementor-element elementor-element-bb5ed88\" data-id=\"bb5ed88\" data-element_type=\"column\" data-e-type=\"column\">\n\t\t\t<div class=\"elementor-widget-wrap\">\n\t\t\t\t\t\t\t<\/div>\n\t\t<\/div>\n\t\t\t\t\t<\/div>\n\t\t<\/section>\n\t\t\t\t<\/div>","protected":false},"excerpt":{"rendered":"<p>Wer sind wir? Wir sind ein Team aus ehrenamtlich t\u00e4tigen Menschen aus allen m\u00f6glichen Bereichen &#8211; von Programmieren \u00fcber Designer bis hin zu Marketing-Expert:innen &#8211; denen unser Planet und sein Schutz am Herzen liegt. Wir glauben daran, dass der \u00dcbergang zur regenerativen Landwirtschaft DER zentrale Schl\u00fcssel ist, um unseren Planeten f\u00fcr Menschen bewohnbar zu erhalten [&hellip;]<\/p>\n","protected":false},"author":1,"featured_media":0,"parent":0,"menu_order":0,"comment_status":"closed","ping_status":"closed","template":"","meta":{"footnotes":""},"class_list":["post-111","page","type-page","status-publish","hentry"],"_links":{"self":[{"href":"https:\/\/foodroots.earth\/en\/wp-json\/wp\/v2\/pages\/111","targetHints":{"allow":["GET"]}}],"collection":[{"href":"https:\/\/foodroots.earth\/en\/wp-json\/wp\/v2\/pages"}],"about":[{"href":"https:\/\/foodroots.earth\/en\/wp-json\/wp\/v2\/types\/page"}],"author":[{"embeddable":true,"href":"https:\/\/foodroots.earth\/en\/wp-json\/wp\/v2\/users\/1"}],"replies":[{"embeddable":true,"href":"https:\/\/foodroots.earth\/en\/wp-json\/wp\/v2\/comments?post=111"}],"version-history":[{"count":22,"href":"https:\/\/foodroots.earth\/en\/wp-json\/wp\/v2\/pages\/111\/revisions"}],"predecessor-version":[{"id":1170,"href":"https:\/\/foodroots.earth\/en\/wp-json\/wp\/v2\/pages\/111\/revisions\/1170"}],"wp:attachment":[{"href":"https:\/\/foodroots.earth\/en\/wp-json\/wp\/v2\/media?parent=111"}],"curies":[{"name":"wp","href":"https:\/\/api.w.org\/{rel}","templated":true}]}}