{"id":113,"date":"2021-03-14T09:33:14","date_gmt":"2021-03-14T09:33:14","guid":{"rendered":"https:\/\/foodroots.earth\/?page_id=113"},"modified":"2022-03-28T08:05:09","modified_gmt":"2022-03-28T08:05:09","slug":"for-farmers","status":"publish","type":"page","link":"https:\/\/foodroots.earth\/en\/for-farmers","title":{"rendered":"for farmers"},"content":{"rendered":"<div data-elementor-type=\"wp-page\" data-elementor-id=\"113\" class=\"elementor elementor-113\" data-elementor-post-type=\"page\">\n\t\t\t\t\t\t<section class=\"elementor-section elementor-top-section elementor-element elementor-element-299e324 elementor-section-boxed elementor-section-height-default elementor-section-height-default\" data-id=\"299e324\" data-element_type=\"section\" data-e-type=\"section\">\n\t\t\t\t\t\t<div class=\"elementor-container elementor-column-gap-default\">\n\t\t\t\t\t<div class=\"elementor-column elementor-col-33 elementor-top-column elementor-element elementor-element-9586fb3\" data-id=\"9586fb3\" data-element_type=\"column\" data-e-type=\"column\">\n\t\t\t<div class=\"elementor-widget-wrap elementor-element-populated\">\n\t\t\t\t\t\t<div class=\"elementor-element elementor-element-65a5884 elementor-widget elementor-widget-image\" data-id=\"65a5884\" data-element_type=\"widget\" data-e-type=\"widget\" data-widget_type=\"image.default\">\n\t\t\t\t<div class=\"elementor-widget-container\">\n\t\t\t\t\t\t\t\t\t\t\t\t\t\t\t\t<a href=\"https:\/\/foodroots.earth\/en\/\">\n\t\t\t\t\t\t\t<img fetchpriority=\"high\" decoding=\"async\" width=\"658\" height=\"604\" src=\"https:\/\/foodroots.earth\/wp-content\/uploads\/2021\/03\/LogoTransparent.png\" class=\"attachment-large size-large wp-image-132\" alt=\"\" srcset=\"https:\/\/foodroots.earth\/wp-content\/uploads\/2021\/03\/LogoTransparent.png 658w, https:\/\/foodroots.earth\/wp-content\/uploads\/2021\/03\/LogoTransparent-300x275.png 300w, https:\/\/foodroots.earth\/wp-content\/uploads\/2021\/03\/LogoTransparent-13x12.png 13w\" sizes=\"(max-width: 658px) 100vw, 658px\" \/>\t\t\t\t\t\t\t\t<\/a>\n\t\t\t\t\t\t\t\t\t\t\t\t\t\t\t<\/div>\n\t\t\t\t<\/div>\n\t\t\t\t\t<\/div>\n\t\t<\/div>\n\t\t\t\t<div class=\"elementor-column elementor-col-66 elementor-top-column elementor-element elementor-element-b9e02ca\" data-id=\"b9e02ca\" data-element_type=\"column\" data-e-type=\"column\">\n\t\t\t<div class=\"elementor-widget-wrap elementor-element-populated\">\n\t\t\t\t\t\t<div class=\"elementor-element elementor-element-bd4b20f elementor-nav-menu--dropdown-mobile elementor-absolute elementor-nav-menu__text-align-aside elementor-nav-menu--toggle elementor-nav-menu--burger elementor-widget elementor-widget-nav-menu\" data-id=\"bd4b20f\" data-element_type=\"widget\" data-e-type=\"widget\" data-settings=\"{&quot;_position&quot;:&quot;absolute&quot;,&quot;layout&quot;:&quot;horizontal&quot;,&quot;submenu_icon&quot;:{&quot;value&quot;:&quot;&lt;i class=\\&quot;fas fa-caret-down\\&quot;&gt;&lt;\\\/i&gt;&quot;,&quot;library&quot;:&quot;fa-solid&quot;},&quot;toggle&quot;:&quot;burger&quot;}\" data-widget_type=\"nav-menu.default\">\n\t\t\t\t<div class=\"elementor-widget-container\">\n\t\t\t\t\t\t\t\t<nav aria-label=\"Menu\" class=\"elementor-nav-menu--main elementor-nav-menu__container elementor-nav-menu--layout-horizontal e--pointer-underline e--animation-fade\">\n\t\t\t\t<ul id=\"menu-1-bd4b20f\" class=\"elementor-nav-menu\"><li class=\"menu-item menu-item-type-post_type menu-item-object-page menu-item-105\"><a href=\"https:\/\/foodroots.earth\/en\/blog\" class=\"elementor-item\">blog<\/a><\/li>\n<li class=\"menu-item menu-item-type-post_type menu-item-object-page menu-item-117\"><a href=\"https:\/\/foodroots.earth\/en\/foodroots-app\" class=\"elementor-item\">foodroots app<\/a><\/li>\n<li class=\"menu-item menu-item-type-post_type menu-item-object-page menu-item-115\"><a href=\"https:\/\/foodroots.earth\/en\/for-farmers\" class=\"elementor-item\">for farmers<\/a><\/li>\n<li class=\"menu-item menu-item-type-post_type menu-item-object-page menu-item-1327\"><a href=\"https:\/\/foodroots.earth\/en\/for-companies\" class=\"elementor-item\">for companies<\/a><\/li>\n<li class=\"menu-item menu-item-type-post_type menu-item-object-page menu-item-116\"><a href=\"https:\/\/foodroots.earth\/en\/about-us\" class=\"elementor-item\">about us<\/a><\/li>\n<li class=\"menu-item menu-item-type-post_type menu-item-object-page menu-item-355\"><a href=\"https:\/\/foodroots.earth\/en\/contact-us\" class=\"elementor-item\">contact<\/a><\/li>\n<\/ul>\t\t\t<\/nav>\n\t\t\t\t\t<div class=\"elementor-menu-toggle\" role=\"button\" tabindex=\"0\" aria-label=\"Menu Toggle\" aria-expanded=\"false\">\n\t\t\t<i aria-hidden=\"true\" role=\"presentation\" class=\"elementor-menu-toggle__icon--open eicon-menu-bar\"><\/i><i aria-hidden=\"true\" role=\"presentation\" class=\"elementor-menu-toggle__icon--close eicon-close\"><\/i>\t\t\t<span class=\"elementor-screen-only\">Menu<\/span>\n\t\t<\/div>\n\t\t\t\t\t<nav class=\"elementor-nav-menu--dropdown elementor-nav-menu__container\" aria-hidden=\"true\">\n\t\t\t\t<ul id=\"menu-2-bd4b20f\" class=\"elementor-nav-menu\"><li class=\"menu-item menu-item-type-post_type menu-item-object-page menu-item-105\"><a href=\"https:\/\/foodroots.earth\/en\/blog\" class=\"elementor-item\" tabindex=\"-1\">blog<\/a><\/li>\n<li class=\"menu-item menu-item-type-post_type menu-item-object-page menu-item-117\"><a href=\"https:\/\/foodroots.earth\/en\/foodroots-app\" class=\"elementor-item\" tabindex=\"-1\">foodroots app<\/a><\/li>\n<li class=\"menu-item menu-item-type-post_type menu-item-object-page menu-item-115\"><a href=\"https:\/\/foodroots.earth\/en\/for-farmers\" class=\"elementor-item\" tabindex=\"-1\">for farmers<\/a><\/li>\n<li class=\"menu-item menu-item-type-post_type menu-item-object-page menu-item-1327\"><a href=\"https:\/\/foodroots.earth\/en\/for-companies\" class=\"elementor-item\" tabindex=\"-1\">for companies<\/a><\/li>\n<li class=\"menu-item menu-item-type-post_type menu-item-object-page menu-item-116\"><a href=\"https:\/\/foodroots.earth\/en\/about-us\" class=\"elementor-item\" tabindex=\"-1\">about us<\/a><\/li>\n<li class=\"menu-item menu-item-type-post_type menu-item-object-page menu-item-355\"><a href=\"https:\/\/foodroots.earth\/en\/contact-us\" class=\"elementor-item\" tabindex=\"-1\">contact<\/a><\/li>\n<\/ul>\t\t\t<\/nav>\n\t\t\t\t\t\t<\/div>\n\t\t\t\t<\/div>\n\t\t\t\t\t<\/div>\n\t\t<\/div>\n\t\t\t\t\t<\/div>\n\t\t<\/section>\n\t\t\t\t<section class=\"elementor-section elementor-top-section elementor-element elementor-element-49cd69c elementor-section-boxed elementor-section-height-default elementor-section-height-default\" data-id=\"49cd69c\" data-element_type=\"section\" data-e-type=\"section\">\n\t\t\t\t\t\t<div class=\"elementor-container elementor-column-gap-default\">\n\t\t\t\t\t<div class=\"elementor-column elementor-col-100 elementor-top-column elementor-element elementor-element-eeb70f9\" data-id=\"eeb70f9\" data-element_type=\"column\" data-e-type=\"column\">\n\t\t\t<div class=\"elementor-widget-wrap\">\n\t\t\t\t\t\t\t<\/div>\n\t\t<\/div>\n\t\t\t\t\t<\/div>\n\t\t<\/section>\n\t\t\t\t<section class=\"elementor-section elementor-top-section elementor-element elementor-element-dc6fee8 elementor-section-boxed elementor-section-height-default elementor-section-height-default\" data-id=\"dc6fee8\" data-element_type=\"section\" data-e-type=\"section\">\n\t\t\t\t\t\t<div class=\"elementor-container elementor-column-gap-default\">\n\t\t\t\t\t<div class=\"elementor-column elementor-col-66 elementor-top-column elementor-element elementor-element-db606b9\" data-id=\"db606b9\" data-element_type=\"column\" data-e-type=\"column\">\n\t\t\t<div class=\"elementor-widget-wrap elementor-element-populated\">\n\t\t\t\t\t\t<div class=\"elementor-element elementor-element-49a0848 elementor-invisible elementor-widget elementor-widget-heading\" data-id=\"49a0848\" data-element_type=\"widget\" data-e-type=\"widget\" data-settings=\"{&quot;_animation&quot;:&quot;fadeIn&quot;}\" data-widget_type=\"heading.default\">\n\t\t\t\t<div class=\"elementor-widget-container\">\n\t\t\t\t\t<h2 class=\"elementor-heading-title elementor-size-default\">Liebe Landwirte!<\/h2>\t\t\t\t<\/div>\n\t\t\t\t<\/div>\n\t\t\t\t<div class=\"elementor-element elementor-element-20a7ab3 elementor-widget elementor-widget-text-editor\" data-id=\"20a7ab3\" data-element_type=\"widget\" data-e-type=\"widget\" data-widget_type=\"text-editor.default\">\n\t\t\t\t<div class=\"elementor-widget-container\">\n\t\t\t\t\t\t\t\t\t<p>Vielen Dank, dass ihr Euch f\u00fcr unsere Initiative interessiert. Als Landwirt k\u00f6nnt ihr einen der entscheidensten Beitr\u00e4ge zur Rettung unseres Planeten leisten. Durch die Umstellung auf regenerative Landwirtschaft kann sehr effektiv CO2 wieder in den Boden eingebaut werden, auch die Biodiversit\u00e4t und Produktivit\u00e4t des Bodens steigt wieder stark an.<\/p>\n<p>Wir wissen aber auch, wie komplex das Thema ist und wieviel Energie (Zeit, Kraft und Kapital) es bedarf, eine naturnahe, regenerative Landwirtschaft wieder aufzubauen. Das geht nur, wenn die Landwirtschaft folgende 3 Punkte erreichen kann:<\/p>\n<p><strong>1. Ausreichend Ernten zu produzieren, um die Ern\u00e4hrungssicherheit der Bev\u00f6lkerung zu gew\u00e4hrleisten<\/strong><\/p>\n<p><strong>2. In W\u00fcrde und stolz von Eurem Beruf leben zu k\u00f6nnen<\/strong><\/p>\n<p><strong>3. Die begrenzten Resourcen unseres Planeten zu respektieren und dementsprechend zu handeln, insbesondere im Hinblick auf:<\/strong><\/p>\n<ul>\n<li><strong>schnell ansteigender Resourcenverbrauch<\/strong><\/li>\n<li><strong>Bev\u00f6lkerungswachstum<\/strong><\/li>\n<li><strong>Klimawandel<\/strong><\/li>\n<li><strong>Aussterben vieler Tier- und Pflanzenarten<\/strong><\/li>\n<\/ul>\n<p>(Zitat aus: Vivre avec la terre, Perrine et Charles Herv\u00e9-Gruyer)<\/p>\n<p>Foodroots wurde gegr\u00fcndet, um Euch kostenlose Tools rund um Marketing, Vertrieb, aber auch Farmmanagement zur Verf\u00fcgung zu stellen, um diesen anstrengenden Schritt zu meistern.<\/p>\n<p>\u00dcber die Foodroots App habt ihr ein kostenfreies Direktvertriebsportal zu Euren Kunden, die bewu\u00dft CO2-einsammelnd Lebensmittel kaufen wollen. Wir helfen Euch aber auch bei der Planung von Marketing und Vertrieb, damit auch eine ausreichend gro\u00dfe Anzahl von Kunden Euch wahrnimmt und \u00fcber Neuigkeiten auf Eurer Farm informiert wird.<\/p>\n<p>Sprecht uns gerne an, wir freuen uns, wenn wir Euch helfen k\u00f6nnen. Hier geht es zum <a href=\"https:\/\/foodroots.earth\/en\/contact-us\/\"><strong>Kontaktformular<\/strong><\/a>.<\/p>\n<p>Christian &amp; Moritz vom foodroots Team<\/p>\t\t\t\t\t\t\t\t<\/div>\n\t\t\t\t<\/div>\n\t\t\t\t\t<\/div>\n\t\t<\/div>\n\t\t\t\t<div class=\"elementor-column elementor-col-33 elementor-top-column elementor-element elementor-element-652976c\" data-id=\"652976c\" data-element_type=\"column\" data-e-type=\"column\">\n\t\t\t<div class=\"elementor-widget-wrap elementor-element-populated\">\n\t\t\t\t\t\t<div class=\"elementor-element elementor-element-23aba28 elementor-widget elementor-widget-heading\" data-id=\"23aba28\" data-element_type=\"widget\" data-e-type=\"widget\" data-widget_type=\"heading.default\">\n\t\t\t\t<div class=\"elementor-widget-container\">\n\t\t\t\t\t<h2 class=\"elementor-heading-title elementor-size-default\">Unsere Tools f\u00fcr Euch<\/h2>\t\t\t\t<\/div>\n\t\t\t\t<\/div>\n\t\t\t\t<section class=\"elementor-section elementor-inner-section elementor-element elementor-element-25ba1ca elementor-section-boxed elementor-section-height-default elementor-section-height-default\" data-id=\"25ba1ca\" data-element_type=\"section\" data-e-type=\"section\" data-settings=\"{&quot;background_background&quot;:&quot;classic&quot;}\">\n\t\t\t\t\t\t<div class=\"elementor-container elementor-column-gap-default\">\n\t\t\t\t\t<div class=\"elementor-column elementor-col-50 elementor-inner-column elementor-element elementor-element-b64edce\" data-id=\"b64edce\" data-element_type=\"column\" data-e-type=\"column\">\n\t\t\t<div class=\"elementor-widget-wrap elementor-element-populated\">\n\t\t\t\t\t\t<div class=\"elementor-element elementor-element-8c51afe elementor-widget elementor-widget-text-editor\" data-id=\"8c51afe\" data-element_type=\"widget\" data-e-type=\"widget\" data-widget_type=\"text-editor.default\">\n\t\t\t\t<div class=\"elementor-widget-container\">\n\t\t\t\t\t\t\t\t\t<p><strong>Die Foodroots App<\/strong><\/p><p>Die Smartphone App f\u00fcr Euren Direktvertrieb. Au\u00dferdem f\u00fcr\u2019s Farm Management per Smartphone.<\/p>\t\t\t\t\t\t\t\t<\/div>\n\t\t\t\t<\/div>\n\t\t\t\t\t<\/div>\n\t\t<\/div>\n\t\t\t\t<div class=\"elementor-column elementor-col-50 elementor-inner-column elementor-element elementor-element-e44118e\" data-id=\"e44118e\" data-element_type=\"column\" data-e-type=\"column\">\n\t\t\t<div class=\"elementor-widget-wrap elementor-element-populated\">\n\t\t\t\t\t\t<div class=\"elementor-element elementor-element-7cfabc3 elementor-widget elementor-widget-image\" data-id=\"7cfabc3\" data-element_type=\"widget\" data-e-type=\"widget\" data-widget_type=\"image.default\">\n\t\t\t\t<div class=\"elementor-widget-container\">\n\t\t\t\t\t\t\t\t\t\t\t\t\t\t\t\t<a href=\"https:\/\/play.google.com\/store\/apps\/details?id=com.cuckoocoding.klecker\">\n\t\t\t\t\t\t\t<img decoding=\"async\" width=\"720\" height=\"209\" src=\"https:\/\/foodroots.earth\/wp-content\/uploads\/2021\/03\/Available_on_the_Google_Play_gray.png\" class=\"attachment-large size-large wp-image-81\" alt=\"\" srcset=\"https:\/\/foodroots.earth\/wp-content\/uploads\/2021\/03\/Available_on_the_Google_Play_gray.png 720w, https:\/\/foodroots.earth\/wp-content\/uploads\/2021\/03\/Available_on_the_Google_Play_gray-300x87.png 300w, https:\/\/foodroots.earth\/wp-content\/uploads\/2021\/03\/Available_on_the_Google_Play_gray-16x5.png 16w\" sizes=\"(max-width: 720px) 100vw, 720px\" \/>\t\t\t\t\t\t\t\t<\/a>\n\t\t\t\t\t\t\t\t\t\t\t\t\t\t\t<\/div>\n\t\t\t\t<\/div>\n\t\t\t\t<div class=\"elementor-element elementor-element-de1901d elementor-widget elementor-widget-image\" data-id=\"de1901d\" data-element_type=\"widget\" data-e-type=\"widget\" data-widget_type=\"image.default\">\n\t\t\t\t<div class=\"elementor-widget-container\">\n\t\t\t\t\t\t\t\t\t\t\t\t\t\t\t\t<a href=\"https:\/\/apps.apple.com\/de\/app\/id1523992202\">\n\t\t\t\t\t\t\t<img decoding=\"async\" width=\"640\" height=\"209\" src=\"https:\/\/foodroots.earth\/wp-content\/uploads\/2021\/03\/Available_on_the_App_Store_gray.png\" class=\"attachment-large size-large wp-image-79\" alt=\"\" srcset=\"https:\/\/foodroots.earth\/wp-content\/uploads\/2021\/03\/Available_on_the_App_Store_gray.png 640w, https:\/\/foodroots.earth\/wp-content\/uploads\/2021\/03\/Available_on_the_App_Store_gray-300x98.png 300w, https:\/\/foodroots.earth\/wp-content\/uploads\/2021\/03\/Available_on_the_App_Store_gray-16x5.png 16w\" sizes=\"(max-width: 640px) 100vw, 640px\" \/>\t\t\t\t\t\t\t\t<\/a>\n\t\t\t\t\t\t\t\t\t\t\t\t\t\t\t<\/div>\n\t\t\t\t<\/div>\n\t\t\t\t<div class=\"elementor-element elementor-element-63f6379 elementor-widget elementor-widget-text-editor\" data-id=\"63f6379\" data-element_type=\"widget\" data-e-type=\"widget\" data-widget_type=\"text-editor.default\">\n\t\t\t\t<div class=\"elementor-widget-container\">\n\t\t\t\t\t\t\t\t\t<p><a href=\"https:\/\/foodroots.earth\/en\/klecker-app-for-farmers\/\"><strong>Hier geht&#8217;s zur Anleitung<\/strong><\/a><\/p>\t\t\t\t\t\t\t\t<\/div>\n\t\t\t\t<\/div>\n\t\t\t\t\t<\/div>\n\t\t<\/div>\n\t\t\t\t\t<\/div>\n\t\t<\/section>\n\t\t\t\t<section class=\"elementor-section elementor-inner-section elementor-element elementor-element-a852a17 elementor-section-boxed elementor-section-height-default elementor-section-height-default\" data-id=\"a852a17\" data-element_type=\"section\" data-e-type=\"section\" data-settings=\"{&quot;background_background&quot;:&quot;classic&quot;}\">\n\t\t\t\t\t\t<div class=\"elementor-container elementor-column-gap-default\">\n\t\t\t\t\t<div class=\"elementor-column elementor-col-50 elementor-inner-column elementor-element elementor-element-83da5ad\" data-id=\"83da5ad\" data-element_type=\"column\" data-e-type=\"column\">\n\t\t\t<div class=\"elementor-widget-wrap elementor-element-populated\">\n\t\t\t\t\t\t<div class=\"elementor-element elementor-element-f1939ae elementor-widget elementor-widget-text-editor\" data-id=\"f1939ae\" data-element_type=\"widget\" data-e-type=\"widget\" data-widget_type=\"text-editor.default\">\n\t\t\t\t<div class=\"elementor-widget-container\">\n\t\t\t\t\t\t\t\t\t<p><strong>Die Foodroots WebApp<\/strong><\/p><p>Hier im Browser einloggen und alles managen: Lager, Auftr\u00e4ge, Kunden.<\/p>\t\t\t\t\t\t\t\t<\/div>\n\t\t\t\t<\/div>\n\t\t\t\t\t<\/div>\n\t\t<\/div>\n\t\t\t\t<div class=\"elementor-column elementor-col-50 elementor-inner-column elementor-element elementor-element-432bfe1\" data-id=\"432bfe1\" data-element_type=\"column\" data-e-type=\"column\">\n\t\t\t<div class=\"elementor-widget-wrap elementor-element-populated\">\n\t\t\t\t\t\t<div class=\"elementor-element elementor-element-890e877 elementor-widget elementor-widget-image\" data-id=\"890e877\" data-element_type=\"widget\" data-e-type=\"widget\" data-widget_type=\"image.default\">\n\t\t\t\t<div class=\"elementor-widget-container\">\n\t\t\t\t\t\t\t\t\t\t\t\t\t\t\t<img loading=\"lazy\" decoding=\"async\" width=\"493\" height=\"489\" src=\"https:\/\/foodroots.earth\/wp-content\/uploads\/2021\/03\/klogo.png\" class=\"attachment-large size-large wp-image-95\" alt=\"\" srcset=\"https:\/\/foodroots.earth\/wp-content\/uploads\/2021\/03\/klogo.png 493w, https:\/\/foodroots.earth\/wp-content\/uploads\/2021\/03\/klogo-300x298.png 300w, https:\/\/foodroots.earth\/wp-content\/uploads\/2021\/03\/klogo-150x150.png 150w, https:\/\/foodroots.earth\/wp-content\/uploads\/2021\/03\/klogo-12x12.png 12w\" sizes=\"(max-width: 493px) 100vw, 493px\" \/>\t\t\t\t\t\t\t\t\t\t\t\t\t\t\t<\/div>\n\t\t\t\t<\/div>\n\t\t\t\t<div class=\"elementor-element elementor-element-29ed54d elementor-widget elementor-widget-text-editor\" data-id=\"29ed54d\" data-element_type=\"widget\" data-e-type=\"widget\" data-widget_type=\"text-editor.default\">\n\t\t\t\t<div class=\"elementor-widget-container\">\n\t\t\t\t\t\t\t\t\t<p><strong><a href=\"http:\/\/climate-neutral-food.org\">Hier geht&#8217;s zur WebApp<\/a><\/strong><\/p>\t\t\t\t\t\t\t\t<\/div>\n\t\t\t\t<\/div>\n\t\t\t\t\t<\/div>\n\t\t<\/div>\n\t\t\t\t\t<\/div>\n\t\t<\/section>\n\t\t\t\t<section class=\"elementor-section elementor-inner-section elementor-element elementor-element-dd75c9d elementor-section-boxed elementor-section-height-default elementor-section-height-default\" data-id=\"dd75c9d\" data-element_type=\"section\" data-e-type=\"section\" data-settings=\"{&quot;background_background&quot;:&quot;classic&quot;}\">\n\t\t\t\t\t\t<div class=\"elementor-container elementor-column-gap-default\">\n\t\t\t\t\t<div class=\"elementor-column elementor-col-50 elementor-inner-column elementor-element elementor-element-3e717f2\" data-id=\"3e717f2\" data-element_type=\"column\" data-e-type=\"column\">\n\t\t\t<div class=\"elementor-widget-wrap elementor-element-populated\">\n\t\t\t\t\t\t<div class=\"elementor-element elementor-element-df1cb73 elementor-widget elementor-widget-text-editor\" data-id=\"df1cb73\" data-element_type=\"widget\" data-e-type=\"widget\" data-widget_type=\"text-editor.default\">\n\t\t\t\t<div class=\"elementor-widget-container\">\n\t\t\t\t\t\t\t\t\t<p><strong>Marketing<\/strong><\/p><p>App-Einf\u00fchrung, Produkte, Events: Wir helfen Euch beim Marketing (Print, Social Media, Events)<\/p>\t\t\t\t\t\t\t\t<\/div>\n\t\t\t\t<\/div>\n\t\t\t\t\t<\/div>\n\t\t<\/div>\n\t\t\t\t<div class=\"elementor-column elementor-col-50 elementor-inner-column elementor-element elementor-element-5ef23b7\" data-id=\"5ef23b7\" data-element_type=\"column\" data-e-type=\"column\">\n\t\t\t<div class=\"elementor-widget-wrap elementor-element-populated\">\n\t\t\t\t\t\t<div class=\"elementor-element elementor-element-df389ac elementor-widget elementor-widget-image\" data-id=\"df389ac\" data-element_type=\"widget\" data-e-type=\"widget\" data-widget_type=\"image.default\">\n\t\t\t\t<div class=\"elementor-widget-container\">\n\t\t\t\t\t\t\t\t\t\t\t\t\t\t\t<img loading=\"lazy\" decoding=\"async\" width=\"539\" height=\"544\" src=\"https:\/\/foodroots.earth\/wp-content\/uploads\/2021\/04\/FlyerDeutschSeite1.png\" class=\"attachment-large size-large wp-image-1115\" alt=\"\" srcset=\"https:\/\/foodroots.earth\/wp-content\/uploads\/2021\/04\/FlyerDeutschSeite1.png 539w, https:\/\/foodroots.earth\/wp-content\/uploads\/2021\/04\/FlyerDeutschSeite1-297x300.png 297w, https:\/\/foodroots.earth\/wp-content\/uploads\/2021\/04\/FlyerDeutschSeite1-150x150.png 150w, https:\/\/foodroots.earth\/wp-content\/uploads\/2021\/04\/FlyerDeutschSeite1-12x12.png 12w\" sizes=\"(max-width: 539px) 100vw, 539px\" \/>\t\t\t\t\t\t\t\t\t\t\t\t\t\t\t<\/div>\n\t\t\t\t<\/div>\n\t\t\t\t\t<\/div>\n\t\t<\/div>\n\t\t\t\t\t<\/div>\n\t\t<\/section>\n\t\t\t\t\t<\/div>\n\t\t<\/div>\n\t\t\t\t\t<\/div>\n\t\t<\/section>\n\t\t\t\t<\/div>","protected":false},"excerpt":{"rendered":"<p>Liebe Landwirte! Vielen Dank, dass ihr Euch f\u00fcr unsere Initiative interessiert. Als Landwirt k\u00f6nnt ihr einen der entscheidensten Beitr\u00e4ge zur Rettung unseres Planeten leisten. Durch die Umstellung auf regenerative Landwirtschaft kann sehr effektiv CO2 wieder in den Boden eingebaut werden, auch die Biodiversit\u00e4t und Produktivit\u00e4t des Bodens steigt wieder stark an. Wir wissen aber auch, [&hellip;]<\/p>\n","protected":false},"author":1,"featured_media":0,"parent":0,"menu_order":0,"comment_status":"closed","ping_status":"closed","template":"","meta":{"footnotes":""},"class_list":["post-113","page","type-page","status-publish","hentry"],"_links":{"self":[{"href":"https:\/\/foodroots.earth\/en\/wp-json\/wp\/v2\/pages\/113","targetHints":{"allow":["GET"]}}],"collection":[{"href":"https:\/\/foodroots.earth\/en\/wp-json\/wp\/v2\/pages"}],"about":[{"href":"https:\/\/foodroots.earth\/en\/wp-json\/wp\/v2\/types\/page"}],"author":[{"embeddable":true,"href":"https:\/\/foodroots.earth\/en\/wp-json\/wp\/v2\/users\/1"}],"replies":[{"embeddable":true,"href":"https:\/\/foodroots.earth\/en\/wp-json\/wp\/v2\/comments?post=113"}],"version-history":[{"count":55,"href":"https:\/\/foodroots.earth\/en\/wp-json\/wp\/v2\/pages\/113\/revisions"}],"predecessor-version":[{"id":1632,"href":"https:\/\/foodroots.earth\/en\/wp-json\/wp\/v2\/pages\/113\/revisions\/1632"}],"wp:attachment":[{"href":"https:\/\/foodroots.earth\/en\/wp-json\/wp\/v2\/media?parent=113"}],"curies":[{"name":"wp","href":"https:\/\/api.w.org\/{rel}","templated":true}]}}