{"id":1685,"date":"2023-12-11T07:34:55","date_gmt":"2023-12-11T07:34:55","guid":{"rendered":"https:\/\/foodroots.earth\/?page_id=1685"},"modified":"2023-12-11T07:42:30","modified_gmt":"2023-12-11T07:42:30","slug":"account-loeschen","status":"publish","type":"page","link":"https:\/\/foodroots.earth\/en\/account-loeschen","title":{"rendered":"Account l\u00f6schen"},"content":{"rendered":"<div data-elementor-type=\"wp-page\" data-elementor-id=\"1685\" class=\"elementor elementor-1685\" data-elementor-post-type=\"page\">\n\t\t\t\t\t\t<section class=\"elementor-section elementor-top-section elementor-element elementor-element-058f14a elementor-section-boxed elementor-section-height-default elementor-section-height-default\" data-id=\"058f14a\" data-element_type=\"section\" data-e-type=\"section\">\n\t\t\t\t\t\t<div class=\"elementor-container elementor-column-gap-default\">\n\t\t\t\t\t<div class=\"elementor-column elementor-col-33 elementor-top-column elementor-element elementor-element-1d80602\" data-id=\"1d80602\" data-element_type=\"column\" data-e-type=\"column\">\n\t\t\t<div class=\"elementor-widget-wrap elementor-element-populated\">\n\t\t\t\t\t\t<div class=\"elementor-element elementor-element-8d79044 elementor-widget elementor-widget-image\" data-id=\"8d79044\" data-element_type=\"widget\" data-e-type=\"widget\" data-widget_type=\"image.default\">\n\t\t\t\t<div class=\"elementor-widget-container\">\n\t\t\t\t\t\t\t\t\t\t\t\t\t\t\t<img fetchpriority=\"high\" decoding=\"async\" width=\"658\" height=\"604\" src=\"https:\/\/foodroots.earth\/wp-content\/uploads\/2021\/03\/LogoTransparent.png\" class=\"attachment-large size-large wp-image-132\" alt=\"\" srcset=\"https:\/\/foodroots.earth\/wp-content\/uploads\/2021\/03\/LogoTransparent.png 658w, https:\/\/foodroots.earth\/wp-content\/uploads\/2021\/03\/LogoTransparent-300x275.png 300w, https:\/\/foodroots.earth\/wp-content\/uploads\/2021\/03\/LogoTransparent-13x12.png 13w\" sizes=\"(max-width: 658px) 100vw, 658px\" \/>\t\t\t\t\t\t\t\t\t\t\t\t\t\t\t<\/div>\n\t\t\t\t<\/div>\n\t\t\t\t\t<\/div>\n\t\t<\/div>\n\t\t\t\t<div class=\"elementor-column elementor-col-66 elementor-top-column elementor-element elementor-element-b065855\" data-id=\"b065855\" data-element_type=\"column\" data-e-type=\"column\">\n\t\t\t<div class=\"elementor-widget-wrap elementor-element-populated\">\n\t\t\t\t\t\t<div class=\"elementor-element elementor-element-34d8fa2 elementor-nav-menu--dropdown-tablet elementor-nav-menu__text-align-aside elementor-nav-menu--toggle elementor-nav-menu--burger elementor-widget elementor-widget-nav-menu\" data-id=\"34d8fa2\" data-element_type=\"widget\" data-e-type=\"widget\" data-settings=\"{&quot;layout&quot;:&quot;horizontal&quot;,&quot;submenu_icon&quot;:{&quot;value&quot;:&quot;&lt;i class=\\&quot;fas fa-caret-down\\&quot;&gt;&lt;\\\/i&gt;&quot;,&quot;library&quot;:&quot;fa-solid&quot;},&quot;toggle&quot;:&quot;burger&quot;}\" data-widget_type=\"nav-menu.default\">\n\t\t\t\t<div class=\"elementor-widget-container\">\n\t\t\t\t\t\t\t\t<nav aria-label=\"Menu\" class=\"elementor-nav-menu--main elementor-nav-menu__container elementor-nav-menu--layout-horizontal e--pointer-underline e--animation-fade\">\n\t\t\t\t<ul id=\"menu-1-34d8fa2\" class=\"elementor-nav-menu\"><li class=\"menu-item menu-item-type-post_type menu-item-object-page menu-item-105\"><a href=\"https:\/\/foodroots.earth\/en\/blog\" class=\"elementor-item\">blog<\/a><\/li>\n<li class=\"menu-item menu-item-type-post_type menu-item-object-page menu-item-117\"><a href=\"https:\/\/foodroots.earth\/en\/foodroots-app\" class=\"elementor-item\">foodroots app<\/a><\/li>\n<li class=\"menu-item menu-item-type-post_type menu-item-object-page menu-item-115\"><a href=\"https:\/\/foodroots.earth\/en\/for-farmers\" class=\"elementor-item\">for farmers<\/a><\/li>\n<li class=\"menu-item menu-item-type-post_type menu-item-object-page menu-item-1327\"><a href=\"https:\/\/foodroots.earth\/en\/for-companies\" class=\"elementor-item\">for companies<\/a><\/li>\n<li class=\"menu-item menu-item-type-post_type menu-item-object-page menu-item-116\"><a href=\"https:\/\/foodroots.earth\/en\/about-us\" class=\"elementor-item\">about us<\/a><\/li>\n<li class=\"menu-item menu-item-type-post_type menu-item-object-page menu-item-355\"><a href=\"https:\/\/foodroots.earth\/en\/contact-us\" class=\"elementor-item\">contact<\/a><\/li>\n<\/ul>\t\t\t<\/nav>\n\t\t\t\t\t<div class=\"elementor-menu-toggle\" role=\"button\" tabindex=\"0\" aria-label=\"Menu Toggle\" aria-expanded=\"false\">\n\t\t\t<i aria-hidden=\"true\" role=\"presentation\" class=\"elementor-menu-toggle__icon--open eicon-menu-bar\"><\/i><i aria-hidden=\"true\" role=\"presentation\" class=\"elementor-menu-toggle__icon--close eicon-close\"><\/i>\t\t\t<span class=\"elementor-screen-only\">Menu<\/span>\n\t\t<\/div>\n\t\t\t\t\t<nav class=\"elementor-nav-menu--dropdown elementor-nav-menu__container\" aria-hidden=\"true\">\n\t\t\t\t<ul id=\"menu-2-34d8fa2\" class=\"elementor-nav-menu\"><li class=\"menu-item menu-item-type-post_type menu-item-object-page menu-item-105\"><a href=\"https:\/\/foodroots.earth\/en\/blog\" class=\"elementor-item\" tabindex=\"-1\">blog<\/a><\/li>\n<li class=\"menu-item menu-item-type-post_type menu-item-object-page menu-item-117\"><a href=\"https:\/\/foodroots.earth\/en\/foodroots-app\" class=\"elementor-item\" tabindex=\"-1\">foodroots app<\/a><\/li>\n<li class=\"menu-item menu-item-type-post_type menu-item-object-page menu-item-115\"><a href=\"https:\/\/foodroots.earth\/en\/for-farmers\" class=\"elementor-item\" tabindex=\"-1\">for farmers<\/a><\/li>\n<li class=\"menu-item menu-item-type-post_type menu-item-object-page menu-item-1327\"><a href=\"https:\/\/foodroots.earth\/en\/for-companies\" class=\"elementor-item\" tabindex=\"-1\">for companies<\/a><\/li>\n<li class=\"menu-item menu-item-type-post_type menu-item-object-page menu-item-116\"><a href=\"https:\/\/foodroots.earth\/en\/about-us\" class=\"elementor-item\" tabindex=\"-1\">about us<\/a><\/li>\n<li class=\"menu-item menu-item-type-post_type menu-item-object-page menu-item-355\"><a href=\"https:\/\/foodroots.earth\/en\/contact-us\" class=\"elementor-item\" tabindex=\"-1\">contact<\/a><\/li>\n<\/ul>\t\t\t<\/nav>\n\t\t\t\t\t\t<\/div>\n\t\t\t\t<\/div>\n\t\t\t\t\t<\/div>\n\t\t<\/div>\n\t\t\t\t\t<\/div>\n\t\t<\/section>\n\t\t\t\t<section class=\"elementor-section elementor-top-section elementor-element elementor-element-25642f17 elementor-section-boxed elementor-section-height-default elementor-section-height-default\" data-id=\"25642f17\" data-element_type=\"section\" data-e-type=\"section\">\n\t\t\t\t\t\t<div class=\"elementor-container elementor-column-gap-default\">\n\t\t\t\t\t<div class=\"elementor-column elementor-col-100 elementor-top-column elementor-element elementor-element-4ead01d7\" data-id=\"4ead01d7\" data-element_type=\"column\" data-e-type=\"column\">\n\t\t\t<div class=\"elementor-widget-wrap elementor-element-populated\">\n\t\t\t\t\t\t<div class=\"elementor-element elementor-element-2558101 elementor-widget elementor-widget-text-editor\" data-id=\"2558101\" data-element_type=\"widget\" data-e-type=\"widget\" data-widget_type=\"text-editor.default\">\n\t\t\t\t<div class=\"elementor-widget-container\">\n\t\t\t\t\t\t\t\t\t<p><\/p>\n<h2 class=\"wp-block-heading\"><span style=\"color: inherit; font-family: inherit; font-size: 2.5rem; background-color: var( --e-global-color-bb369c0 );\">Account l\u00f6schen<\/span><\/h2>\n<p>Um Deinen Account dauerhaft zu l\u00f6schen, sende eine email mit dem Betreff &#8222;Account l\u00f6schen&#8220; an support@foodroots.earth. Wir werden dann um eine Best\u00e4tigung per email bitten und danach Deinen Account dauerhaft l\u00f6schen. Du kannst Deine Account aber auch einfach in der App l\u00f6schen \u00fcber den Men\u00fcpunkt &#8222;Mein Account&#8220; und dann ganz nach unten scrollen.\u00a0<\/p>\n<p><\/p>\t\t\t\t\t\t\t\t<\/div>\n\t\t\t\t<\/div>\n\t\t\t\t\t<\/div>\n\t\t<\/div>\n\t\t\t\t\t<\/div>\n\t\t<\/section>\n\t\t\t\t<\/div>","protected":false},"excerpt":{"rendered":"<p>Account l\u00f6schen Um Deinen Account dauerhaft zu l\u00f6schen, sende eine email mit dem Betreff &#8222;Account l\u00f6schen&#8220; an support@foodroots.earth. Wir werden dann um eine Best\u00e4tigung per email bitten und danach Deinen Account dauerhaft l\u00f6schen. Du kannst Deine Account aber auch einfach in der App l\u00f6schen \u00fcber den Men\u00fcpunkt &#8222;Mein Account&#8220; und dann ganz nach unten scrollen.\u00a0<\/p>","protected":false},"author":1,"featured_media":0,"parent":0,"menu_order":0,"comment_status":"closed","ping_status":"closed","template":"","meta":{"footnotes":""},"class_list":["post-1685","page","type-page","status-publish","hentry"],"_links":{"self":[{"href":"https:\/\/foodroots.earth\/en\/wp-json\/wp\/v2\/pages\/1685","targetHints":{"allow":["GET"]}}],"collection":[{"href":"https:\/\/foodroots.earth\/en\/wp-json\/wp\/v2\/pages"}],"about":[{"href":"https:\/\/foodroots.earth\/en\/wp-json\/wp\/v2\/types\/page"}],"author":[{"embeddable":true,"href":"https:\/\/foodroots.earth\/en\/wp-json\/wp\/v2\/users\/1"}],"replies":[{"embeddable":true,"href":"https:\/\/foodroots.earth\/en\/wp-json\/wp\/v2\/comments?post=1685"}],"version-history":[{"count":7,"href":"https:\/\/foodroots.earth\/en\/wp-json\/wp\/v2\/pages\/1685\/revisions"}],"predecessor-version":[{"id":1693,"href":"https:\/\/foodroots.earth\/en\/wp-json\/wp\/v2\/pages\/1685\/revisions\/1693"}],"wp:attachment":[{"href":"https:\/\/foodroots.earth\/en\/wp-json\/wp\/v2\/media?parent=1685"}],"curies":[{"name":"wp","href":"https:\/\/api.w.org\/{rel}","templated":true}]}}