{"id":1817,"date":"2024-09-09T08:34:19","date_gmt":"2024-09-09T08:34:19","guid":{"rendered":"https:\/\/foodroots.earth\/?page_id=1817"},"modified":"2024-09-09T08:34:19","modified_gmt":"2024-09-09T08:34:19","slug":"rela-isetal","status":"publish","type":"page","link":"https:\/\/foodroots.earth\/en\/rela-isetal","title":{"rendered":"Rela Isetal"},"content":{"rendered":"<div data-elementor-type=\"wp-page\" data-elementor-id=\"1817\" class=\"elementor elementor-1817\" data-elementor-post-type=\"page\">\n\t\t\t\t\t\t<section class=\"elementor-section elementor-top-section elementor-element elementor-element-cd20cb4 elementor-section-boxed elementor-section-height-default elementor-section-height-default\" data-id=\"cd20cb4\" data-element_type=\"section\" data-e-type=\"section\">\n\t\t\t\t\t\t<div class=\"elementor-container elementor-column-gap-default\">\n\t\t\t\t\t<div class=\"elementor-column elementor-col-20 elementor-top-column elementor-element elementor-element-d1b098d\" data-id=\"d1b098d\" data-element_type=\"column\" data-e-type=\"column\">\n\t\t\t<div class=\"elementor-widget-wrap elementor-element-populated\">\n\t\t\t\t\t\t<div class=\"elementor-element elementor-element-ae2e5ca elementor-widget elementor-widget-heading\" data-id=\"ae2e5ca\" data-element_type=\"widget\" data-e-type=\"widget\" data-widget_type=\"heading.default\">\n\t\t\t\t<div class=\"elementor-widget-container\">\n\t\t\t\t\t<h2 class=\"elementor-heading-title elementor-size-default\">VOM ACKER AUF DEN TELLER<\/h2>\t\t\t\t<\/div>\n\t\t\t\t<\/div>\n\t\t\t\t\t<\/div>\n\t\t<\/div>\n\t\t\t\t<div class=\"elementor-column elementor-col-20 elementor-top-column elementor-element elementor-element-0218dc4\" data-id=\"0218dc4\" data-element_type=\"column\" data-e-type=\"column\">\n\t\t\t<div class=\"elementor-widget-wrap elementor-element-populated\">\n\t\t\t\t\t\t<div class=\"elementor-element elementor-element-03edbf6 elementor-widget__width-initial elementor-widget elementor-widget-image\" data-id=\"03edbf6\" data-element_type=\"widget\" data-e-type=\"widget\" data-widget_type=\"image.default\">\n\t\t\t\t<div class=\"elementor-widget-container\">\n\t\t\t\t\t\t\t\t\t\t\t\t\t\t\t\t<a href=\"https:\/\/www.med.uni-magdeburg.de\/\" target=\"_blank\">\n\t\t\t\t\t\t\t<img decoding=\"async\" src=\"https:\/\/foodroots.earth\/wp-content\/uploads\/2024\/08\/Logo_Universitaetsklinikum_Magdeburg.png\" title=\"Logo_Universita\u0308tsklinikum_Magdeburg\" alt=\"Logo_Universita\u0308tsklinikum_Magdeburg\" loading=\"lazy\" \/>\t\t\t\t\t\t\t\t<\/a>\n\t\t\t\t\t\t\t\t\t\t\t\t\t\t\t<\/div>\n\t\t\t\t<\/div>\n\t\t\t\t\t<\/div>\n\t\t<\/div>\n\t\t\t\t<div class=\"elementor-column elementor-col-20 elementor-top-column elementor-element elementor-element-fc1657b\" data-id=\"fc1657b\" data-element_type=\"column\" data-e-type=\"column\">\n\t\t\t<div class=\"elementor-widget-wrap elementor-element-populated\">\n\t\t\t\t\t\t<div class=\"elementor-element elementor-element-94f6b7d elementor-widget elementor-widget-image\" data-id=\"94f6b7d\" data-element_type=\"widget\" data-e-type=\"widget\" data-widget_type=\"image.default\">\n\t\t\t\t<div class=\"elementor-widget-container\">\n\t\t\t\t\t\t\t\t\t\t\t\t\t\t\t\t<a href=\"https:\/\/www.dak.de\/\" target=\"_blank\">\n\t\t\t\t\t\t\t<img decoding=\"async\" src=\"https:\/\/foodroots.earth\/wp-content\/uploads\/2024\/08\/DAK_Ges_Logo_orange_4c_A4h_OffsetClaim.jpg\" title=\"DAK_Ges_Logo_orange_4c_A4h_Offset+Claim\" alt=\"DAK_Ges_Logo_orange_4c_A4h_Offset+Claim\" loading=\"lazy\" \/>\t\t\t\t\t\t\t\t<\/a>\n\t\t\t\t\t\t\t\t\t\t\t\t\t\t\t<\/div>\n\t\t\t\t<\/div>\n\t\t\t\t\t<\/div>\n\t\t<\/div>\n\t\t\t\t<div class=\"elementor-column elementor-col-20 elementor-top-column elementor-element elementor-element-7b4147d\" data-id=\"7b4147d\" data-element_type=\"column\" data-e-type=\"column\">\n\t\t\t<div class=\"elementor-widget-wrap elementor-element-populated\">\n\t\t\t\t\t\t<div class=\"elementor-element elementor-element-687084c elementor-widget elementor-widget-image\" data-id=\"687084c\" data-element_type=\"widget\" data-e-type=\"widget\" data-widget_type=\"image.default\">\n\t\t\t\t<div class=\"elementor-widget-container\">\n\t\t\t\t\t\t\t\t\t\t\t\t\t\t\t\t<a href=\"https:\/\/www.acker.co\/ackerpause\" target=\"_blank\">\n\t\t\t\t\t\t\t<img decoding=\"async\" src=\"https:\/\/foodroots.earth\/wp-content\/uploads\/2024\/08\/ackerpause_logo_subline_color_rgb.png\" title=\"ackerpause_logo_subline_color_rgb\" alt=\"ackerpause_logo_subline_color_rgb\" loading=\"lazy\" \/>\t\t\t\t\t\t\t\t<\/a>\n\t\t\t\t\t\t\t\t\t\t\t\t\t\t\t<\/div>\n\t\t\t\t<\/div>\n\t\t\t\t\t<\/div>\n\t\t<\/div>\n\t\t\t\t<div class=\"elementor-column elementor-col-20 elementor-top-column elementor-element elementor-element-4056fb3\" data-id=\"4056fb3\" data-element_type=\"column\" data-e-type=\"column\">\n\t\t\t<div class=\"elementor-widget-wrap elementor-element-populated\">\n\t\t\t\t\t\t<div class=\"elementor-element elementor-element-04c42fa elementor-widget__width-initial elementor-widget elementor-widget-image\" data-id=\"04c42fa\" data-element_type=\"widget\" data-e-type=\"widget\" data-widget_type=\"image.default\">\n\t\t\t\t<div class=\"elementor-widget-container\">\n\t\t\t\t\t\t\t\t\t\t\t\t\t\t\t\t<a href=\"https:\/\/foodroots.earth\/en\/\" target=\"_blank\">\n\t\t\t\t\t\t\t<img decoding=\"async\" src=\"https:\/\/foodroots.earth\/wp-content\/uploads\/2024\/08\/Logo-Foodroots.jpg\" title=\"Logo Foodroots\" alt=\"Logo Foodroots\" loading=\"lazy\" \/>\t\t\t\t\t\t\t\t<\/a>\n\t\t\t\t\t\t\t\t\t\t\t\t\t\t\t<\/div>\n\t\t\t\t<\/div>\n\t\t\t\t\t<\/div>\n\t\t<\/div>\n\t\t\t\t\t<\/div>\n\t\t<\/section>\n\t\t\t\t<section class=\"elementor-section elementor-top-section elementor-element elementor-element-12fa564 elementor-section-boxed elementor-section-height-default elementor-section-height-default\" data-id=\"12fa564\" data-element_type=\"section\" data-e-type=\"section\" data-settings=\"{&quot;background_background&quot;:&quot;classic&quot;}\">\n\t\t\t\t\t\t<div class=\"elementor-container elementor-column-gap-default\">\n\t\t\t\t\t<div class=\"elementor-column elementor-col-66 elementor-top-column elementor-element elementor-element-d7ebfa1\" data-id=\"d7ebfa1\" data-element_type=\"column\" data-e-type=\"column\">\n\t\t\t<div class=\"elementor-widget-wrap elementor-element-populated\">\n\t\t\t\t\t\t<div class=\"elementor-element elementor-element-5417493 elementor-widget__width-initial e-transform elementor-widget elementor-widget-heading\" data-id=\"5417493\" data-element_type=\"widget\" data-e-type=\"widget\" data-settings=\"{&quot;_transform_rotateZ_effect&quot;:{&quot;unit&quot;:&quot;px&quot;,&quot;size&quot;:-9,&quot;sizes&quot;:[]},&quot;_transform_rotateZ_effect_tablet&quot;:{&quot;unit&quot;:&quot;deg&quot;,&quot;size&quot;:&quot;&quot;,&quot;sizes&quot;:[]},&quot;_transform_rotateZ_effect_mobile&quot;:{&quot;unit&quot;:&quot;deg&quot;,&quot;size&quot;:&quot;&quot;,&quot;sizes&quot;:[]}}\" data-widget_type=\"heading.default\">\n\t\t\t\t<div class=\"elementor-widget-container\">\n\t\t\t\t\t<h2 class=\"elementor-heading-title elementor-size-default\">FRISCH VOM FELD - DAS GANZE JAHR<\/h2>\t\t\t\t<\/div>\n\t\t\t\t<\/div>\n\t\t\t\t\t<\/div>\n\t\t<\/div>\n\t\t\t\t<div class=\"elementor-column elementor-col-33 elementor-top-column elementor-element elementor-element-5e5e37d\" data-id=\"5e5e37d\" data-element_type=\"column\" data-e-type=\"column\">\n\t\t\t<div class=\"elementor-widget-wrap\">\n\t\t\t\t\t\t\t<\/div>\n\t\t<\/div>\n\t\t\t\t\t<\/div>\n\t\t<\/section>\n\t\t\t\t<section class=\"elementor-section elementor-top-section elementor-element elementor-element-04672f2 elementor-section-boxed elementor-section-height-default elementor-section-height-default\" data-id=\"04672f2\" data-element_type=\"section\" data-e-type=\"section\" data-settings=\"{&quot;background_background&quot;:&quot;classic&quot;}\">\n\t\t\t\t\t\t<div class=\"elementor-container elementor-column-gap-default\">\n\t\t\t\t\t<div class=\"elementor-column elementor-col-100 elementor-top-column elementor-element elementor-element-810b600\" data-id=\"810b600\" data-element_type=\"column\" data-e-type=\"column\">\n\t\t\t<div class=\"elementor-widget-wrap elementor-element-populated\">\n\t\t\t\t\t\t<div class=\"elementor-element elementor-element-ba8f17b elementor-widget elementor-widget-heading\" data-id=\"ba8f17b\" data-element_type=\"widget\" data-e-type=\"widget\" data-widget_type=\"heading.default\">\n\t\t\t\t<div class=\"elementor-widget-container\">\n\t\t\t\t\t<h2 class=\"elementor-heading-title elementor-size-default\">GESUNDE B\u00d6DEN - GESUNDE ERN\u00c4HRUNG - GESUNDES KLIMA<\/h2>\t\t\t\t<\/div>\n\t\t\t\t<\/div>\n\t\t\t\t\t<\/div>\n\t\t<\/div>\n\t\t\t\t\t<\/div>\n\t\t<\/section>\n\t\t\t\t<section class=\"elementor-section elementor-top-section elementor-element elementor-element-1e4284e elementor-section-boxed elementor-section-height-default elementor-section-height-default\" data-id=\"1e4284e\" data-element_type=\"section\" data-e-type=\"section\">\n\t\t\t\t\t\t<div class=\"elementor-container elementor-column-gap-default\">\n\t\t\t\t\t<div class=\"elementor-column elementor-col-16 elementor-top-column elementor-element elementor-element-8582ebb\" data-id=\"8582ebb\" data-element_type=\"column\" data-e-type=\"column\">\n\t\t\t<div class=\"elementor-widget-wrap elementor-element-populated\">\n\t\t\t\t\t\t<div class=\"elementor-element elementor-element-fa1cc2c elementor-widget elementor-widget-image\" data-id=\"fa1cc2c\" data-element_type=\"widget\" data-e-type=\"widget\" data-widget_type=\"image.default\">\n\t\t\t\t<div class=\"elementor-widget-container\">\n\t\t\t\t\t\t\t\t\t\t\t\t\t\t\t<img decoding=\"async\" src=\"https:\/\/foodroots.earth\/wp-content\/uploads\/elementor\/thumbs\/iconArrowCorinna2-qssdukdym4kt342ff9jh3j9suf84hqkx9fu4gphqxc.png\" title=\"iconArrowCorinna2\" alt=\"iconArrowCorinna2\" loading=\"lazy\" \/>\t\t\t\t\t\t\t\t\t\t\t\t\t\t\t<\/div>\n\t\t\t\t<\/div>\n\t\t\t\t\t<\/div>\n\t\t<\/div>\n\t\t\t\t<div class=\"elementor-column elementor-col-66 elementor-top-column elementor-element elementor-element-4bc2721\" data-id=\"4bc2721\" data-element_type=\"column\" data-e-type=\"column\">\n\t\t\t<div class=\"elementor-widget-wrap elementor-element-populated\">\n\t\t\t\t\t\t<div class=\"elementor-element elementor-element-1a84901 elementor-widget elementor-widget-heading\" data-id=\"1a84901\" data-element_type=\"widget\" data-e-type=\"widget\" data-widget_type=\"heading.default\">\n\t\t\t\t<div class=\"elementor-widget-container\">\n\t\t\t\t\t<h2 class=\"elementor-heading-title elementor-size-default\">KLIMA RETTEN UND GESUNDE LEBENSMITTEL EINKAUFEN F\u00dcR 300 EURO<\/h2>\t\t\t\t<\/div>\n\t\t\t\t<\/div>\n\t\t\t\t<div class=\"elementor-element elementor-element-d7a84ad elementor-widget elementor-widget-text-editor\" data-id=\"d7a84ad\" data-element_type=\"widget\" data-e-type=\"widget\" data-widget_type=\"text-editor.default\">\n\t\t\t\t<div class=\"elementor-widget-container\">\n\t\t\t\t\t\t\t\t\t<p>Alle Teilnehmenden verpflichten sich den regenerativen Landwirten gegen\u00fcber mit dem Kauf eines Klimaretter-Tickets &#8211; 300 Euro &#8211; damit dieser seine Familie ern\u00e4hren und sich in Ruhe um gesunden Boden und gesunde Lebensmittel k\u00fcmmern kann. Sein\/Ihr Lebensunterhalt ist damit gesichert. Im Gegenwert kannst Du Dir 1x w\u00f6chentlich den Wocheneinkauf aus saisonalen, frischen Produkten dieser Landwirte frei zusammen stellen. in der Foodroots App. Die bestellung wird direkt an Deinen Areitsplatz in die permaFRIDGE geliefert. Du bezahlst Deinen Wocheneinkauf so lange aus Deinem Guthaben von 300 \u20ac, bis der Betrag aufgebraucht ist. Danach kannst Du entscheiden, mit welchem Geldbetrag Du Dein Konto wieder auff\u00fcllst oder ob Du Dein permaFRIDGE-K\u00fchlschrankfach frei gibst. Eine Aufstockung deines Kontos f\u00fcr weitere Eink\u00e4ufe ist jederzeit m\u00f6glich.<\/p>\t\t\t\t\t\t\t\t<\/div>\n\t\t\t\t<\/div>\n\t\t\t\t\t<\/div>\n\t\t<\/div>\n\t\t\t\t<div class=\"elementor-column elementor-col-16 elementor-top-column elementor-element elementor-element-274a835\" data-id=\"274a835\" data-element_type=\"column\" data-e-type=\"column\">\n\t\t\t<div class=\"elementor-widget-wrap\">\n\t\t\t\t\t\t\t<\/div>\n\t\t<\/div>\n\t\t\t\t\t<\/div>\n\t\t<\/section>\n\t\t\t\t<\/div>","protected":false},"excerpt":{"rendered":"<p>VOM ACKER AUF DEN TELLER FRISCH VOM FELD &#8211; DAS GANZE JAHR GESUNDE B\u00d6DEN &#8211; GESUNDE ERN\u00c4HRUNG &#8211; GESUNDES KLIMA KLIMA RETTEN UND GESUNDE LEBENSMITTEL EINKAUFEN F\u00dcR 300 EURO Alle Teilnehmenden verpflichten sich den regenerativen Landwirten gegen\u00fcber mit dem Kauf eines Klimaretter-Tickets &#8211; 300 Euro &#8211; damit dieser seine Familie ern\u00e4hren und sich in Ruhe [&hellip;]<\/p>\n","protected":false},"author":1,"featured_media":0,"parent":0,"menu_order":0,"comment_status":"closed","ping_status":"closed","template":"","meta":{"footnotes":""},"class_list":["post-1817","page","type-page","status-publish","hentry"],"_links":{"self":[{"href":"https:\/\/foodroots.earth\/en\/wp-json\/wp\/v2\/pages\/1817","targetHints":{"allow":["GET"]}}],"collection":[{"href":"https:\/\/foodroots.earth\/en\/wp-json\/wp\/v2\/pages"}],"about":[{"href":"https:\/\/foodroots.earth\/en\/wp-json\/wp\/v2\/types\/page"}],"author":[{"embeddable":true,"href":"https:\/\/foodroots.earth\/en\/wp-json\/wp\/v2\/users\/1"}],"replies":[{"embeddable":true,"href":"https:\/\/foodroots.earth\/en\/wp-json\/wp\/v2\/comments?post=1817"}],"version-history":[{"count":1,"href":"https:\/\/foodroots.earth\/en\/wp-json\/wp\/v2\/pages\/1817\/revisions"}],"predecessor-version":[{"id":1818,"href":"https:\/\/foodroots.earth\/en\/wp-json\/wp\/v2\/pages\/1817\/revisions\/1818"}],"wp:attachment":[{"href":"https:\/\/foodroots.earth\/en\/wp-json\/wp\/v2\/media?parent=1817"}],"curies":[{"name":"wp","href":"https:\/\/api.w.org\/{rel}","templated":true}]}}